{"id":1648,"date":"2023-11-22T09:44:37","date_gmt":"2023-11-22T09:44:37","guid":{"rendered":"https:\/\/wp.ditsolution.net\/royella-multipurpose\/?page_id=1648"},"modified":"2025-02-17T20:32:57","modified_gmt":"2025-02-17T20:32:57","slug":"servicios","status":"publish","type":"page","link":"https:\/\/elcastillopance.com\/en\/servicios\/","title":{"rendered":"Services"},"content":{"rendered":"<div data-elementor-type=\"wp-page\" data-elementor-id=\"1648\" class=\"elementor elementor-1648\" data-elementor-post-type=\"page\">\n\t\t\t\t\t\t<section class=\"elementor-section elementor-top-section elementor-element elementor-element-5328cc18 elementor-section-boxed elementor-section-height-default elementor-section-height-default\" data-id=\"5328cc18\" data-element_type=\"section\" data-settings=\"{&quot;background_background&quot;:&quot;classic&quot;}\">\n\t\t\t\t\t\t\t<div class=\"elementor-background-overlay\"><\/div>\n\t\t\t\t\t\t\t<div class=\"elementor-container elementor-column-gap-default\">\n\t\t\t\t\t<div class=\"elementor-column elementor-col-100 elementor-top-column elementor-element elementor-element-466dda7e\" data-id=\"466dda7e\" data-element_type=\"column\">\n\t\t\t<div class=\"elementor-widget-wrap elementor-element-populated\">\n\t\t\t\t\t\t<section class=\"elementor-section elementor-inner-section elementor-element elementor-element-42113e30 elementor-section-boxed elementor-section-height-default elementor-section-height-default\" data-id=\"42113e30\" data-element_type=\"section\">\n\t\t\t\t\t\t<div class=\"elementor-container elementor-column-gap-default\">\n\t\t\t\t\t<div class=\"elementor-column elementor-col-100 elementor-inner-column elementor-element elementor-element-6a27d037\" data-id=\"6a27d037\" data-element_type=\"column\">\n\t\t\t<div class=\"elementor-widget-wrap elementor-element-populated\">\n\t\t\t\t\t\t<div class=\"elementor-element elementor-element-2f5706cf elementor-invisible elementor-widget elementor-widget-section-title\" data-id=\"2f5706cf\" data-element_type=\"widget\" data-settings=\"{&quot;_animation&quot;:&quot;fadeInUp&quot;}\" data-widget_type=\"section-title.default\">\n\t\t\t\t<div class=\"elementor-widget-container\">\n\t\t\t\t\t\r\n\t\t\r\n\t\t\t<div class=\"section-title style1 center\">\r\n\t\t\t\t<div class=\"section-image\">\r\n\t\t\t\t\t<img decoding=\"async\" src=\"https:\/\/elcastillopance.com\/wp-content\/uploads\/2024\/12\/ElCastillo_EcoHotel-vertical-3-e1734918483650.png\" alt=\"\">\r\n\t\t\t\t<\/div>\r\n\t\t\t\t\t\t\t\t\r\n\t\t\t\t \r\n\t\t\t\t\t<h3 class=\"title\">Eco en tu vida<\/h3>\r\n\t\t\t\t\t\t\t\t\r\n\t\t\t\t\t\t\t<\/div>\r\n\r\n\t\t\r\n\t\t\t\t\t\t<\/div>\n\t\t\t\t<\/div>\n\t\t<div class=\"elementor-element elementor-element-6655074d e-grid animated-slow e-con-boxed elementor-invisible e-con e-parent\" data-id=\"6655074d\" data-element_type=\"container\" data-settings=\"{&quot;animation&quot;:&quot;fadeIn&quot;}\">\n\t\t\t\t\t<div class=\"e-con-inner\">\n\t\t<div class=\"elementor-element elementor-element-2b036f65 e-con-full e-flex e-con e-child\" data-id=\"2b036f65\" data-element_type=\"container\" data-settings=\"{&quot;background_background&quot;:&quot;classic&quot;}\">\n\t\t\t\t<div class=\"elementor-element elementor-element-d28f1e5 elementor-widget elementor-widget-image\" data-id=\"d28f1e5\" data-element_type=\"widget\" data-widget_type=\"image.default\">\n\t\t\t\t<div class=\"elementor-widget-container\">\n\t\t\t\t\t\t\t\t\t\t\t\t\t\t\t\t<a href=\"https:\/\/elcastillopance.com\/en\/ecohotel\/\">\n\t\t\t\t\t\t\t<img fetchpriority=\"high\" decoding=\"async\" width=\"1024\" height=\"1024\" src=\"https:\/\/elcastillopance.com\/wp-content\/smush-webp\/2024\/12\/ElCastillo_EcoHotel-vertical-1024x1024.png.webp\" class=\"attachment-large size-large wp-image-10098\" alt=\"\" srcset=\"https:\/\/elcastillopance.com\/wp-content\/smush-webp\/2024\/12\/ElCastillo_EcoHotel-vertical-1024x1024.png.webp 1024w, https:\/\/elcastillopance.com\/wp-content\/smush-webp\/2024\/12\/ElCastillo_EcoHotel-vertical-300x300.png.webp 300w, https:\/\/elcastillopance.com\/wp-content\/smush-webp\/2024\/12\/ElCastillo_EcoHotel-vertical-150x150.png.webp 150w, https:\/\/elcastillopance.com\/wp-content\/smush-webp\/2024\/12\/ElCastillo_EcoHotel-vertical-768x768.png.webp 768w, https:\/\/elcastillopance.com\/wp-content\/smush-webp\/2024\/12\/ElCastillo_EcoHotel-vertical-1536x1536.png.webp 1536w, https:\/\/elcastillopance.com\/wp-content\/smush-webp\/2024\/12\/ElCastillo_EcoHotel-vertical-2048x2048.png.webp 2048w, https:\/\/elcastillopance.com\/wp-content\/smush-webp\/2024\/12\/ElCastillo_EcoHotel-vertical-400x400.png.webp 400w, https:\/\/elcastillopance.com\/wp-content\/smush-webp\/2024\/12\/ElCastillo_EcoHotel-vertical-450x450.png.webp 450w, https:\/\/elcastillopance.com\/wp-content\/smush-webp\/2024\/12\/ElCastillo_EcoHotel-vertical-106x106.png.webp 106w, https:\/\/elcastillopance.com\/wp-content\/smush-webp\/2024\/12\/ElCastillo_EcoHotel-vertical-560x560.png.webp 560w, https:\/\/elcastillopance.com\/wp-content\/smush-webp\/2024\/12\/ElCastillo_EcoHotel-vertical-80x80.png.webp 80w\" sizes=\"(max-width: 1024px) 100vw, 1024px\" \/>\t\t\t\t\t\t\t\t<\/a>\n\t\t\t\t\t\t\t\t\t\t\t\t\t\t\t<\/div>\n\t\t\t\t<\/div>\n\t\t\t\t<div class=\"elementor-element elementor-element-795c1aa5 elementor-widget elementor-widget-text-editor\" data-id=\"795c1aa5\" data-element_type=\"widget\" data-widget_type=\"text-editor.default\">\n\t\t\t\t<div class=\"elementor-widget-container\">\n\t\t\t\t\t\t\t\t\t<p>More than a place, we&#039;re an experience that transforms you.<\/p>\t\t\t\t\t\t\t\t<\/div>\n\t\t\t\t<\/div>\n\t\t\t\t<\/div>\n\t\t<div class=\"elementor-element elementor-element-2967e17c e-con-full e-flex e-con e-child\" data-id=\"2967e17c\" data-element_type=\"container\" data-settings=\"{&quot;background_background&quot;:&quot;classic&quot;}\">\n\t\t\t\t<div class=\"elementor-element elementor-element-5d97b66d elementor-widget elementor-widget-image\" data-id=\"5d97b66d\" data-element_type=\"widget\" data-widget_type=\"image.default\">\n\t\t\t\t<div class=\"elementor-widget-container\">\n\t\t\t\t\t\t\t\t\t\t\t\t\t\t\t\t<a href=\"https:\/\/elcastillopance.com\/en\/eventos\/\">\n\t\t\t\t\t\t\t<img decoding=\"async\" width=\"1024\" height=\"1024\" src=\"https:\/\/elcastillopance.com\/wp-content\/smush-webp\/2024\/12\/ElCastillo_Eventos-vertical-1024x1024.png.webp\" class=\"attachment-large size-large wp-image-10100\" alt=\"\" srcset=\"https:\/\/elcastillopance.com\/wp-content\/smush-webp\/2024\/12\/ElCastillo_Eventos-vertical-1024x1024.png.webp 1024w, https:\/\/elcastillopance.com\/wp-content\/smush-webp\/2024\/12\/ElCastillo_Eventos-vertical-300x300.png.webp 300w, https:\/\/elcastillopance.com\/wp-content\/smush-webp\/2024\/12\/ElCastillo_Eventos-vertical-150x150.png.webp 150w, https:\/\/elcastillopance.com\/wp-content\/smush-webp\/2024\/12\/ElCastillo_Eventos-vertical-768x768.png.webp 768w, https:\/\/elcastillopance.com\/wp-content\/smush-webp\/2024\/12\/ElCastillo_Eventos-vertical-1536x1536.png.webp 1536w, https:\/\/elcastillopance.com\/wp-content\/smush-webp\/2024\/12\/ElCastillo_Eventos-vertical-2048x2048.png.webp 2048w, https:\/\/elcastillopance.com\/wp-content\/smush-webp\/2024\/12\/ElCastillo_Eventos-vertical-400x400.png.webp 400w, https:\/\/elcastillopance.com\/wp-content\/smush-webp\/2024\/12\/ElCastillo_Eventos-vertical-450x450.png.webp 450w, https:\/\/elcastillopance.com\/wp-content\/smush-webp\/2024\/12\/ElCastillo_Eventos-vertical-106x106.png.webp 106w, https:\/\/elcastillopance.com\/wp-content\/smush-webp\/2024\/12\/ElCastillo_Eventos-vertical-560x560.png.webp 560w, https:\/\/elcastillopance.com\/wp-content\/smush-webp\/2024\/12\/ElCastillo_Eventos-vertical-80x80.png.webp 80w\" sizes=\"(max-width: 1024px) 100vw, 1024px\" \/>\t\t\t\t\t\t\t\t<\/a>\n\t\t\t\t\t\t\t\t\t\t\t\t\t\t\t<\/div>\n\t\t\t\t<\/div>\n\t\t\t\t<div class=\"elementor-element elementor-element-25814914 elementor-widget elementor-widget-text-editor\" data-id=\"25814914\" data-element_type=\"widget\" data-widget_type=\"text-editor.default\">\n\t\t\t\t<div class=\"elementor-widget-container\">\n\t\t\t\t\t\t\t\t\t<p>Make your event in a place full of calm and that will provide all the concentration and comfort for your activities<\/p>\t\t\t\t\t\t\t\t<\/div>\n\t\t\t\t<\/div>\n\t\t\t\t<\/div>\n\t\t<div class=\"elementor-element elementor-element-142ae9d7 e-con-full e-flex e-con e-child\" data-id=\"142ae9d7\" data-element_type=\"container\" data-settings=\"{&quot;background_background&quot;:&quot;classic&quot;}\">\n\t\t\t\t<div class=\"elementor-element elementor-element-3725c338 elementor-widget elementor-widget-image\" data-id=\"3725c338\" data-element_type=\"widget\" data-widget_type=\"image.default\">\n\t\t\t\t<div class=\"elementor-widget-container\">\n\t\t\t\t\t\t\t\t\t\t\t\t\t\t\t\t<a href=\"https:\/\/elcastillopance.com\/en\/restaurante\/\">\n\t\t\t\t\t\t\t<img decoding=\"async\" width=\"1024\" height=\"1024\" src=\"https:\/\/elcastillopance.com\/wp-content\/smush-webp\/2024\/12\/ElCastillo_Restaurante-vertical-1024x1024.png.webp\" class=\"attachment-large size-large wp-image-10096\" alt=\"\" srcset=\"https:\/\/elcastillopance.com\/wp-content\/smush-webp\/2024\/12\/ElCastillo_Restaurante-vertical-1024x1024.png.webp 1024w, https:\/\/elcastillopance.com\/wp-content\/smush-webp\/2024\/12\/ElCastillo_Restaurante-vertical-300x300.png.webp 300w, https:\/\/elcastillopance.com\/wp-content\/smush-webp\/2024\/12\/ElCastillo_Restaurante-vertical-150x150.png.webp 150w, https:\/\/elcastillopance.com\/wp-content\/smush-webp\/2024\/12\/ElCastillo_Restaurante-vertical-768x768.png.webp 768w, https:\/\/elcastillopance.com\/wp-content\/smush-webp\/2024\/12\/ElCastillo_Restaurante-vertical-1536x1536.png.webp 1536w, https:\/\/elcastillopance.com\/wp-content\/smush-webp\/2024\/12\/ElCastillo_Restaurante-vertical-2048x2048.png.webp 2048w, https:\/\/elcastillopance.com\/wp-content\/smush-webp\/2024\/12\/ElCastillo_Restaurante-vertical-400x400.png.webp 400w, https:\/\/elcastillopance.com\/wp-content\/smush-webp\/2024\/12\/ElCastillo_Restaurante-vertical-450x450.png.webp 450w, https:\/\/elcastillopance.com\/wp-content\/smush-webp\/2024\/12\/ElCastillo_Restaurante-vertical-106x106.png.webp 106w, https:\/\/elcastillopance.com\/wp-content\/smush-webp\/2024\/12\/ElCastillo_Restaurante-vertical-560x560.png.webp 560w, https:\/\/elcastillopance.com\/wp-content\/smush-webp\/2024\/12\/ElCastillo_Restaurante-vertical-80x80.png.webp 80w\" sizes=\"(max-width: 1024px) 100vw, 1024px\" \/>\t\t\t\t\t\t\t\t<\/a>\n\t\t\t\t\t\t\t\t\t\t\t\t\t\t\t<\/div>\n\t\t\t\t<\/div>\n\t\t\t\t<div class=\"elementor-element elementor-element-11750a40 elementor-widget elementor-widget-text-editor\" data-id=\"11750a40\" data-element_type=\"widget\" data-widget_type=\"text-editor.default\">\n\t\t\t\t<div class=\"elementor-widget-container\">\n\t\t\t\t\t\t\t\t\t<p>More than a place, we&#039;re an experience that transforms you.<\/p>\t\t\t\t\t\t\t\t<\/div>\n\t\t\t\t<\/div>\n\t\t\t\t<\/div>\n\t\t<div class=\"elementor-element elementor-element-192b06d1 e-con-full e-flex e-con e-child\" data-id=\"192b06d1\" data-element_type=\"container\" data-settings=\"{&quot;background_background&quot;:&quot;classic&quot;}\">\n\t\t\t\t<div class=\"elementor-element elementor-element-33f8c9bf elementor-widget elementor-widget-image\" data-id=\"33f8c9bf\" data-element_type=\"widget\" data-widget_type=\"image.default\">\n\t\t\t\t<div class=\"elementor-widget-container\">\n\t\t\t\t\t\t\t\t\t\t\t\t\t\t\t\t<a href=\"https:\/\/elcastillopance.com\/en\/experiencias-2\/\">\n\t\t\t\t\t\t\t<img loading=\"lazy\" decoding=\"async\" width=\"1024\" height=\"1024\" src=\"https:\/\/elcastillopance.com\/wp-content\/smush-webp\/2024\/12\/ElCastillo_Experiencias-vertical-1024x1024.png.webp\" class=\"attachment-large size-large wp-image-10103\" alt=\"\" srcset=\"https:\/\/elcastillopance.com\/wp-content\/smush-webp\/2024\/12\/ElCastillo_Experiencias-vertical-1024x1024.png.webp 1024w, https:\/\/elcastillopance.com\/wp-content\/smush-webp\/2024\/12\/ElCastillo_Experiencias-vertical-300x300.png.webp 300w, https:\/\/elcastillopance.com\/wp-content\/smush-webp\/2024\/12\/ElCastillo_Experiencias-vertical-150x150.png.webp 150w, https:\/\/elcastillopance.com\/wp-content\/smush-webp\/2024\/12\/ElCastillo_Experiencias-vertical-768x768.png.webp 768w, https:\/\/elcastillopance.com\/wp-content\/smush-webp\/2024\/12\/ElCastillo_Experiencias-vertical-1536x1536.png.webp 1536w, https:\/\/elcastillopance.com\/wp-content\/smush-webp\/2024\/12\/ElCastillo_Experiencias-vertical-2048x2048.png.webp 2048w, https:\/\/elcastillopance.com\/wp-content\/smush-webp\/2024\/12\/ElCastillo_Experiencias-vertical-400x400.png.webp 400w, https:\/\/elcastillopance.com\/wp-content\/smush-webp\/2024\/12\/ElCastillo_Experiencias-vertical-450x450.png.webp 450w, https:\/\/elcastillopance.com\/wp-content\/smush-webp\/2024\/12\/ElCastillo_Experiencias-vertical-106x106.png.webp 106w, https:\/\/elcastillopance.com\/wp-content\/smush-webp\/2024\/12\/ElCastillo_Experiencias-vertical-560x560.png.webp 560w, https:\/\/elcastillopance.com\/wp-content\/smush-webp\/2024\/12\/ElCastillo_Experiencias-vertical-80x80.png.webp 80w\" sizes=\"(max-width: 1024px) 100vw, 1024px\" \/>\t\t\t\t\t\t\t\t<\/a>\n\t\t\t\t\t\t\t\t\t\t\t\t\t\t\t<\/div>\n\t\t\t\t<\/div>\n\t\t\t\t<div class=\"elementor-element elementor-element-6d832a8f elementor-widget elementor-widget-text-editor\" data-id=\"6d832a8f\" data-element_type=\"widget\" data-widget_type=\"text-editor.default\">\n\t\t\t\t<div class=\"elementor-widget-container\">\n\t\t\t\t\t\t\t\t\t<p>More than a place, we&#039;re an experience that transforms you.<\/p>\t\t\t\t\t\t\t\t<\/div>\n\t\t\t\t<\/div>\n\t\t\t\t<\/div>\n\t\t\t\t\t<\/div>\n\t\t\t\t<\/div>\n\t\t\t\t\t<\/div>\n\t\t<\/div>\n\t\t\t\t\t<\/div>\n\t\t<\/section>\n\t\t\t\t\t<\/div>\n\t\t<\/div>\n\t\t\t\t\t<\/div>\n\t\t<\/section>\n\t\t\t\t<\/div>","protected":false},"excerpt":{"rendered":"<p>Eco en tu vida M\u00e1s que un lugar, somos una experiencia que te transforma. Realiza tu evento en un lugar lleno de calma y que proporcionar\u00e1 toda la concentraci\u00f3n y comodidad para tus actividades M\u00e1s que un lugar, somos una experiencia que te transforma. M\u00e1s que un lugar, somos una experiencia que te transforma.<\/p>","protected":false},"author":1,"featured_media":10058,"parent":0,"menu_order":0,"comment_status":"closed","ping_status":"closed","template":"page-templates\/template-default.php","meta":{"footnotes":""},"class_list":["post-1648","page","type-page","status-publish","has-post-thumbnail","hentry"],"acf":[],"_links":{"self":[{"href":"https:\/\/elcastillopance.com\/en\/wp-json\/wp\/v2\/pages\/1648","targetHints":{"allow":["GET"]}}],"collection":[{"href":"https:\/\/elcastillopance.com\/en\/wp-json\/wp\/v2\/pages"}],"about":[{"href":"https:\/\/elcastillopance.com\/en\/wp-json\/wp\/v2\/types\/page"}],"author":[{"embeddable":true,"href":"https:\/\/elcastillopance.com\/en\/wp-json\/wp\/v2\/users\/1"}],"replies":[{"embeddable":true,"href":"https:\/\/elcastillopance.com\/en\/wp-json\/wp\/v2\/comments?post=1648"}],"version-history":[{"count":16,"href":"https:\/\/elcastillopance.com\/en\/wp-json\/wp\/v2\/pages\/1648\/revisions"}],"predecessor-version":[{"id":10407,"href":"https:\/\/elcastillopance.com\/en\/wp-json\/wp\/v2\/pages\/1648\/revisions\/10407"}],"wp:featuredmedia":[{"embeddable":true,"href":"https:\/\/elcastillopance.com\/en\/wp-json\/wp\/v2\/media\/10058"}],"wp:attachment":[{"href":"https:\/\/elcastillopance.com\/en\/wp-json\/wp\/v2\/media?parent=1648"}],"curies":[{"name":"wp","href":"https:\/\/api.w.org\/{rel}","templated":true}]}}