{"id":1679,"date":"2023-11-22T09:58:02","date_gmt":"2023-11-22T09:58:02","guid":{"rendered":"https:\/\/wp.ditsolution.net\/royella-multipurpose\/?page_id=1679"},"modified":"2025-02-17T20:33:09","modified_gmt":"2025-02-17T20:33:09","slug":"restaurante","status":"publish","type":"page","link":"https:\/\/elcastillopance.com\/en\/restaurante\/","title":{"rendered":"Restaurant"},"content":{"rendered":"<div data-elementor-type=\"wp-page\" data-elementor-id=\"1679\" class=\"elementor elementor-1679\" data-elementor-post-type=\"page\">\n\t\t\t\t<div class=\"elementor-element elementor-element-dbe113a e-flex e-con-boxed e-con e-parent\" data-id=\"dbe113a\" data-element_type=\"container\" data-e-type=\"container\" data-settings=\"{&quot;background_background&quot;:&quot;classic&quot;}\">\n\t\t\t\t\t<div class=\"e-con-inner\">\n\t\t<div class=\"elementor-element elementor-element-ab82003 e-con-full e-flex e-con e-child\" data-id=\"ab82003\" data-element_type=\"container\" data-e-type=\"container\">\n\t\t\t\t<div class=\"elementor-element elementor-element-1b0f9b5 elementor-widget elementor-widget-image\" data-id=\"1b0f9b5\" data-element_type=\"widget\" data-e-type=\"widget\" data-widget_type=\"image.default\">\n\t\t\t\t<div class=\"elementor-widget-container\">\n\t\t\t\t\t\t\t\t\t\t\t\t\t\t\t<img fetchpriority=\"high\" decoding=\"async\" width=\"1024\" height=\"1024\" src=\"https:\/\/elcastillopance.com\/wp-content\/smush-webp\/2024\/12\/ElCastillo_Restaurante-vertical-1024x1024.png.webp\" class=\"attachment-large size-large wp-image-10096\" alt=\"\" srcset=\"https:\/\/elcastillopance.com\/wp-content\/smush-webp\/2024\/12\/ElCastillo_Restaurante-vertical-1024x1024.png.webp 1024w, https:\/\/elcastillopance.com\/wp-content\/smush-webp\/2024\/12\/ElCastillo_Restaurante-vertical-300x300.png.webp 300w, https:\/\/elcastillopance.com\/wp-content\/smush-webp\/2024\/12\/ElCastillo_Restaurante-vertical-150x150.png.webp 150w, https:\/\/elcastillopance.com\/wp-content\/smush-webp\/2024\/12\/ElCastillo_Restaurante-vertical-768x768.png.webp 768w, https:\/\/elcastillopance.com\/wp-content\/smush-webp\/2024\/12\/ElCastillo_Restaurante-vertical-1536x1536.png.webp 1536w, https:\/\/elcastillopance.com\/wp-content\/smush-webp\/2024\/12\/ElCastillo_Restaurante-vertical-2048x2048.png.webp 2048w, https:\/\/elcastillopance.com\/wp-content\/smush-webp\/2024\/12\/ElCastillo_Restaurante-vertical-400x400.png.webp 400w, https:\/\/elcastillopance.com\/wp-content\/smush-webp\/2024\/12\/ElCastillo_Restaurante-vertical-450x450.png.webp 450w, https:\/\/elcastillopance.com\/wp-content\/smush-webp\/2024\/12\/ElCastillo_Restaurante-vertical-106x106.png.webp 106w, https:\/\/elcastillopance.com\/wp-content\/smush-webp\/2024\/12\/ElCastillo_Restaurante-vertical-560x560.png.webp 560w, https:\/\/elcastillopance.com\/wp-content\/smush-webp\/2024\/12\/ElCastillo_Restaurante-vertical-80x80.png.webp 80w\" sizes=\"(max-width: 1024px) 100vw, 1024px\" \/>\t\t\t\t\t\t\t\t\t\t\t\t\t\t\t<\/div>\n\t\t\t\t<\/div>\n\t\t\t\t<\/div>\n\t\t<div class=\"elementor-element elementor-element-9442e9c e-con-full e-flex e-con e-child\" data-id=\"9442e9c\" data-element_type=\"container\" data-e-type=\"container\">\n\t\t<div class=\"elementor-element elementor-element-3cdc898 e-con-full e-flex e-con e-child\" data-id=\"3cdc898\" data-element_type=\"container\" data-e-type=\"container\" data-settings=\"{&quot;background_background&quot;:&quot;classic&quot;}\">\n\t\t<div class=\"elementor-element elementor-element-1cd2fa7 e-con-full e-flex e-con e-child\" data-id=\"1cd2fa7\" data-element_type=\"container\" data-e-type=\"container\">\n\t\t\t\t<div class=\"elementor-element elementor-element-f54fefa elementor-widget elementor-widget-simple-heading\" data-id=\"f54fefa\" data-element_type=\"widget\" data-e-type=\"widget\" data-widget_type=\"simple-heading.default\">\n\t\t\t\t<div class=\"elementor-widget-container\">\n\t\t\t\t\t\t\t\t\t\t<div class=\"heading style1\">\r\n\t\t\t\t<h3 class=\"heading-text\">More Info<\/h3>\r\n\t\t\t<\/div>\r\n\t\t\t\t\t\t\t\t<\/div>\n\t\t\t\t<\/div>\n\t\t\t\t<div class=\"elementor-element elementor-element-e7d3601 elementor-widget elementor-widget-text-editor\" data-id=\"e7d3601\" data-element_type=\"widget\" data-e-type=\"widget\" data-widget_type=\"text-editor.default\">\n\t\t\t\t<div class=\"elementor-widget-container\">\n\t\t\t\t\t\t\t\t\t<p>Savor the best of our region with traditional recipes that highlight local ingredients. Live a gastronomic experience full of history and passion.<\/p>\t\t\t\t\t\t\t\t<\/div>\n\t\t\t\t<\/div>\n\t\t\t\t<div class=\"elementor-element elementor-element-f1d817c elementor-widget elementor-widget-dit-button\" data-id=\"f1d817c\" data-element_type=\"widget\" data-e-type=\"widget\" data-widget_type=\"dit-button.default\">\n\t\t\t\t<div class=\"elementor-widget-container\">\n\t\t\t\t\t\r\n\t\t\r\n\t\t\t<div class=\"dreamit-button style1\">\r\n\t\t\t\t\t\t\t\t\t<div class=\"animation-bar\"><\/div>\r\n\t\t\t\t\t\t\t\t<a class=\"button\" href=\"http:\/\/wa.me\/573174004190?text=Contact+Center+el+ecohotel+el+castillo\">\r\n\t\t\t\t\tExplore Menu\t\t\t\t\t\t\t\t\t<\/a>\r\n\t\t\t<\/div>\r\n\r\n\t\t\r\n\t\t\t\t\t<\/div>\n\t\t\t\t<\/div>\n\t\t\t\t<\/div>\n\t\t\t\t<\/div>\n\t\t\t\t<\/div>\n\t\t\t\t\t<\/div>\n\t\t\t\t<\/div>\n\t\t<div class=\"elementor-element elementor-element-f0837e0 e-con-full e-flex e-con e-parent\" data-id=\"f0837e0\" data-element_type=\"container\" data-e-type=\"container\">\n\t\t\t\t<div class=\"elementor-element elementor-element-d57c703 elementor-arrows-position-inside elementor-pagination-position-outside elementor-widget elementor-widget-image-carousel\" data-id=\"d57c703\" data-element_type=\"widget\" data-e-type=\"widget\" data-settings=\"{&quot;slides_to_show&quot;:&quot;4&quot;,&quot;navigation&quot;:&quot;both&quot;,&quot;autoplay&quot;:&quot;yes&quot;,&quot;pause_on_hover&quot;:&quot;yes&quot;,&quot;pause_on_interaction&quot;:&quot;yes&quot;,&quot;autoplay_speed&quot;:5000,&quot;infinite&quot;:&quot;yes&quot;,&quot;speed&quot;:500}\" data-widget_type=\"image-carousel.default\">\n\t\t\t\t<div class=\"elementor-widget-container\">\n\t\t\t\t\t\t\t<div class=\"elementor-image-carousel-wrapper swiper\" role=\"region\" aria-roledescription=\"carousel\" aria-label=\"Carousel of images\" dir=\"ltr\">\n\t\t\t<div class=\"elementor-image-carousel swiper-wrapper\" aria-live=\"off\">\n\t\t\t\t\t\t\t\t<div class=\"swiper-slide\" role=\"group\" aria-roledescription=\"slide\" aria-label=\"1 of 13\"><figure class=\"swiper-slide-inner\"><img decoding=\"async\" class=\"swiper-slide-image\" src=\"https:\/\/elcastillopance.com\/wp-content\/uploads\/elementor\/thumbs\/plato-2-scaled-rghy4l89mq3sq1jirnyk0u8vv77v9b7tg1duldqb8w.jpg\" alt=\"plato 2\" \/><\/figure><\/div><div class=\"swiper-slide\" role=\"group\" aria-roledescription=\"slide\" aria-label=\"2 of 13\"><figure class=\"swiper-slide-inner\"><img decoding=\"async\" class=\"swiper-slide-image\" src=\"https:\/\/elcastillopance.com\/wp-content\/uploads\/elementor\/thumbs\/plato-scaled-rghy4kaffw2iefkvx5jxgchf9tci1m433wqd43rpf4.jpg\" alt=\"plato\" \/><\/figure><\/div><div class=\"swiper-slide\" role=\"group\" aria-roledescription=\"slide\" aria-label=\"3 of 13\"><figure class=\"swiper-slide-inner\"><img decoding=\"async\" class=\"swiper-slide-image\" src=\"https:\/\/elcastillopance.com\/wp-content\/uploads\/elementor\/thumbs\/jugo-scaled-rghy4kaffw2iefkvx5jxgchf9tci1m433wqd43rpf4.jpg\" alt=\"jugo\" \/><\/figure><\/div><div class=\"swiper-slide\" role=\"group\" aria-roledescription=\"slide\" aria-label=\"4 of 13\"><figure class=\"swiper-slide-inner\"><img decoding=\"async\" class=\"swiper-slide-image\" src=\"https:\/\/elcastillopance.com\/wp-content\/uploads\/elementor\/thumbs\/hands-holding-bowl-fajita-mexican-food_181624-45672-rghy4sqz5ee3ax8ljr7kksckma6syw1o52lqflf5v4.jpg\" alt=\"hands-holding-bowl-fajita-mexican-food_181624-45672\" \/><\/figure><\/div><div class=\"swiper-slide\" role=\"group\" aria-roledescription=\"slide\" aria-label=\"5 of 13\"><figure class=\"swiper-slide-inner\"><img decoding=\"async\" class=\"swiper-slide-image\" src=\"https:\/\/elcastillopance.com\/wp-content\/uploads\/elementor\/thumbs\/tangara-mejorado-rghy4totc8fdmj78e9m75a417o266l5eh797wvdrow.jpg\" alt=\"tangara mejorado\" \/><\/figure><\/div><div class=\"swiper-slide\" role=\"group\" aria-roledescription=\"slide\" aria-label=\"6 of 13\"><figure class=\"swiper-slide-inner\"><img decoding=\"async\" class=\"swiper-slide-image\" src=\"https:\/\/elcastillopance.com\/wp-content\/uploads\/elementor\/thumbs\/cali-gastronomiajpeg-rghy4rt4ykcszb9yp8sy0al40wbfr6xxsxy8ybgk1c.webp\" alt=\"cali-gastronomiajpeg\" \/><\/figure><\/div><div class=\"swiper-slide\" role=\"group\" aria-roledescription=\"slide\" aria-label=\"7 of 13\"><figure class=\"swiper-slide-inner\"><img decoding=\"async\" class=\"swiper-slide-image\" src=\"https:\/\/elcastillopance.com\/wp-content\/uploads\/elementor\/thumbs\/flat-lay-delicious-brazilian-food-arrangement_23-2148739218-rghy4n3y0e6dd9gsgort5trt1yylopfa4aotjxniwg.jpg\" alt=\"flat-lay-delicious-brazilian-food-arrangement_23-2148739218\" \/><\/figure><\/div><div class=\"swiper-slide\" role=\"group\" aria-roledescription=\"slide\" aria-label=\"8 of 13\"><figure class=\"swiper-slide-inner\"><img decoding=\"async\" class=\"swiper-slide-image\" src=\"https:\/\/elcastillopance.com\/wp-content\/uploads\/elementor\/thumbs\/high-angle-delicious-food-arrangement_23-2148708188-rghy4ozme28y0he25pl2ataq8qpc43mqsjzsihkqk0.jpg\" alt=\"high-angle-delicious-food-arrangement_23-2148708188\" \/><\/figure><\/div><div class=\"swiper-slide\" role=\"group\" aria-roledescription=\"slide\" aria-label=\"9 of 13\"><figure class=\"swiper-slide-inner\"><img decoding=\"async\" class=\"swiper-slide-image\" src=\"https:\/\/elcastillopance.com\/wp-content\/uploads\/elementor\/thumbs\/sancocho-gallina-rghy4totc8fdmj78e9m75a417o266l5eh797wvdrow.jpg\" alt=\"sancocho-gallina\" \/><\/figure><\/div><div class=\"swiper-slide\" role=\"group\" aria-roledescription=\"slide\" aria-label=\"10 of 13\"><figure class=\"swiper-slide-inner\"><img decoding=\"async\" class=\"swiper-slide-image\" src=\"https:\/\/elcastillopance.com\/wp-content\/uploads\/elementor\/thumbs\/top-view-delicious-food-with-copy-space_23-2148708189-rghy4n3y0e6dd9gsgort5trt1yylopfa4aotjxniwg.jpg\" alt=\"top-view-delicious-food-with-copy-space_23-2148708189\" \/><\/figure><\/div><div class=\"swiper-slide\" role=\"group\" aria-roledescription=\"slide\" aria-label=\"11 of 13\"><figure class=\"swiper-slide-inner\"><img decoding=\"async\" class=\"swiper-slide-image\" src=\"https:\/\/elcastillopance.com\/wp-content\/uploads\/elementor\/thumbs\/0000265377-rghy4ozme28y0he25pl2ataq8qpc43mqsjzsihkqk0.webp\" alt=\"0000265377\" \/><\/figure><\/div><div class=\"swiper-slide\" role=\"group\" aria-roledescription=\"slide\" aria-label=\"12 of 13\"><figure class=\"swiper-slide-inner\"><img decoding=\"async\" class=\"swiper-slide-image\" src=\"https:\/\/elcastillopance.com\/wp-content\/uploads\/elementor\/thumbs\/2EFJ2P7JPVGURJLT7QLCSD6P74-scaled-rghy4rt4ykcszb9yp8sy0al40wbfr6xxsxy8ybgk1c.avif\" alt=\"2EFJ2P7JPVGURJLT7QLCSD6P74\" \/><\/figure><\/div><div class=\"swiper-slide\" role=\"group\" aria-roledescription=\"slide\" aria-label=\"13 of 13\"><figure class=\"swiper-slide-inner\"><img decoding=\"async\" class=\"swiper-slide-image\" src=\"https:\/\/elcastillopance.com\/wp-content\/uploads\/elementor\/thumbs\/ABORRAJADO_CASERO_COCTEL_X_2.jpg-rghy4n3y0e6dd9gsgort5trt1yylopfa4aotjxniwg.webp\" alt=\"ABORRAJADO_CASERO_COCTEL_X_2.jpg\" \/><\/figure><\/div>\t\t\t<\/div>\n\t\t\t\t\t\t\t\t\t\t\t\t<div class=\"elementor-swiper-button elementor-swiper-button-prev\" role=\"button\" tabindex=\"0\">\n\t\t\t\t\t\t<svg aria-hidden=\"true\" class=\"e-font-icon-svg e-eicon-chevron-left\" viewbox=\"0 0 1000 1000\" xmlns=\"http:\/\/www.w3.org\/2000\/svg\"><path d=\"M646 125C629 125 613 133 604 142L308 442C296 454 292 471 292 487 292 504 296 521 308 533L604 854C617 867 629 875 646 875 663 875 679 871 692 858 704 846 713 829 713 812 713 796 708 779 692 767L438 487 692 225C700 217 708 204 708 187 708 171 704 154 692 142 675 129 663 125 646 125Z\"><\/path><\/svg>\t\t\t\t\t<\/div>\n\t\t\t\t\t<div class=\"elementor-swiper-button elementor-swiper-button-next\" role=\"button\" tabindex=\"0\">\n\t\t\t\t\t\t<svg aria-hidden=\"true\" class=\"e-font-icon-svg e-eicon-chevron-right\" viewbox=\"0 0 1000 1000\" xmlns=\"http:\/\/www.w3.org\/2000\/svg\"><path d=\"M696 533C708 521 713 504 713 487 713 471 708 454 696 446L400 146C388 133 375 125 354 125 338 125 325 129 313 142 300 154 292 171 292 187 292 204 296 221 308 233L563 492 304 771C292 783 288 800 288 817 288 833 296 850 308 863 321 871 338 875 354 875 371 875 388 867 400 854L696 533Z\"><\/path><\/svg>\t\t\t\t\t<\/div>\n\t\t\t\t\n\t\t\t\t\t\t\t\t\t<div class=\"swiper-pagination\"><\/div>\n\t\t\t\t\t\t\t\t\t<\/div>\n\t\t\t\t\t\t<\/div>\n\t\t\t\t<\/div>\n\t\t\t\t<\/div>\n\t\t\t\t<\/div>","protected":false},"excerpt":{"rendered":"<p>Con\u00f3ce M\u00e1s Saborea lo mejor de nuestra regi\u00f3n con recetas tradicionales que resaltan los ingredientes locales. Vive una experiencia gastron\u00f3mica llena de historia y pasi\u00f3n. Explorar Men\u00fa<\/p>","protected":false},"author":1,"featured_media":0,"parent":0,"menu_order":0,"comment_status":"closed","ping_status":"closed","template":"elementor_header_footer","meta":{"footnotes":""},"class_list":["post-1679","page","type-page","status-publish","hentry"],"acf":[],"_hostinger_reach_plugin_has_subscription_block":false,"_hostinger_reach_plugin_is_elementor":false,"_links":{"self":[{"href":"https:\/\/elcastillopance.com\/en\/wp-json\/wp\/v2\/pages\/1679","targetHints":{"allow":["GET"]}}],"collection":[{"href":"https:\/\/elcastillopance.com\/en\/wp-json\/wp\/v2\/pages"}],"about":[{"href":"https:\/\/elcastillopance.com\/en\/wp-json\/wp\/v2\/types\/page"}],"author":[{"embeddable":true,"href":"https:\/\/elcastillopance.com\/en\/wp-json\/wp\/v2\/users\/1"}],"replies":[{"embeddable":true,"href":"https:\/\/elcastillopance.com\/en\/wp-json\/wp\/v2\/comments?post=1679"}],"version-history":[{"count":28,"href":"https:\/\/elcastillopance.com\/en\/wp-json\/wp\/v2\/pages\/1679\/revisions"}],"predecessor-version":[{"id":10416,"href":"https:\/\/elcastillopance.com\/en\/wp-json\/wp\/v2\/pages\/1679\/revisions\/10416"}],"wp:attachment":[{"href":"https:\/\/elcastillopance.com\/en\/wp-json\/wp\/v2\/media?parent=1679"}],"curies":[{"name":"wp","href":"https:\/\/api.w.org\/{rel}","templated":true}]}}