{"id":2203,"date":"2023-11-28T04:37:20","date_gmt":"2023-11-28T04:37:20","guid":{"rendered":"https:\/\/wp.ditsolution.net\/royella-multipurpose\/?page_id=2203"},"modified":"2026-01-15T21:24:08","modified_gmt":"2026-01-15T21:24:08","slug":"ecohotel","status":"publish","type":"page","link":"https:\/\/elcastillopance.com\/en\/ecohotel\/","title":{"rendered":"EcoHotel"},"content":{"rendered":"<div data-elementor-type=\"wp-page\" data-elementor-id=\"2203\" class=\"elementor elementor-2203\" data-elementor-post-type=\"page\">\n\t\t\t\t<div class=\"elementor-element elementor-element-251f731b e-flex e-con-boxed e-con e-parent\" data-id=\"251f731b\" data-element_type=\"container\" data-e-type=\"container\" data-settings=\"{&quot;background_background&quot;:&quot;classic&quot;}\">\n\t\t\t\t\t<div class=\"e-con-inner\">\n\t\t<div class=\"elementor-element elementor-element-4b7ab4ef e-con-full e-flex e-con e-child\" data-id=\"4b7ab4ef\" data-element_type=\"container\" data-e-type=\"container\">\n\t\t\t\t<div class=\"elementor-element elementor-element-2015be8b elementor-widget elementor-widget-image\" data-id=\"2015be8b\" data-element_type=\"widget\" data-e-type=\"widget\" data-widget_type=\"image.default\">\n\t\t\t\t<div class=\"elementor-widget-container\">\n\t\t\t\t\t\t\t\t\t\t\t\t\t\t\t<img fetchpriority=\"high\" decoding=\"async\" width=\"1024\" height=\"1024\" src=\"https:\/\/elcastillopance.com\/wp-content\/smush-webp\/2024\/12\/ElCastillo_EcoHotel-vertical-1024x1024.png.webp\" class=\"attachment-large size-large wp-image-10098\" alt=\"\" srcset=\"https:\/\/elcastillopance.com\/wp-content\/smush-webp\/2024\/12\/ElCastillo_EcoHotel-vertical-1024x1024.png.webp 1024w, https:\/\/elcastillopance.com\/wp-content\/smush-webp\/2024\/12\/ElCastillo_EcoHotel-vertical-300x300.png.webp 300w, https:\/\/elcastillopance.com\/wp-content\/smush-webp\/2024\/12\/ElCastillo_EcoHotel-vertical-150x150.png.webp 150w, https:\/\/elcastillopance.com\/wp-content\/smush-webp\/2024\/12\/ElCastillo_EcoHotel-vertical-768x768.png.webp 768w, https:\/\/elcastillopance.com\/wp-content\/smush-webp\/2024\/12\/ElCastillo_EcoHotel-vertical-1536x1536.png.webp 1536w, https:\/\/elcastillopance.com\/wp-content\/smush-webp\/2024\/12\/ElCastillo_EcoHotel-vertical-2048x2048.png.webp 2048w, https:\/\/elcastillopance.com\/wp-content\/smush-webp\/2024\/12\/ElCastillo_EcoHotel-vertical-400x400.png.webp 400w, https:\/\/elcastillopance.com\/wp-content\/smush-webp\/2024\/12\/ElCastillo_EcoHotel-vertical-450x450.png.webp 450w, https:\/\/elcastillopance.com\/wp-content\/smush-webp\/2024\/12\/ElCastillo_EcoHotel-vertical-106x106.png.webp 106w, https:\/\/elcastillopance.com\/wp-content\/smush-webp\/2024\/12\/ElCastillo_EcoHotel-vertical-560x560.png.webp 560w, https:\/\/elcastillopance.com\/wp-content\/smush-webp\/2024\/12\/ElCastillo_EcoHotel-vertical-80x80.png.webp 80w\" sizes=\"(max-width: 1024px) 100vw, 1024px\" \/>\t\t\t\t\t\t\t\t\t\t\t\t\t\t\t<\/div>\n\t\t\t\t<\/div>\n\t\t\t\t<\/div>\n\t\t<div class=\"elementor-element elementor-element-63527b1f e-con-full e-flex e-con e-child\" data-id=\"63527b1f\" data-element_type=\"container\" data-e-type=\"container\">\n\t\t<div class=\"elementor-element elementor-element-11b66409 e-con-full e-flex e-con e-child\" data-id=\"11b66409\" data-element_type=\"container\" data-e-type=\"container\" data-settings=\"{&quot;background_background&quot;:&quot;classic&quot;}\">\n\t\t<div class=\"elementor-element elementor-element-7f7052 e-con-full e-flex e-con e-child\" data-id=\"7f7052\" data-element_type=\"container\" data-e-type=\"container\">\n\t\t\t\t<div class=\"elementor-element elementor-element-5522459e elementor-widget elementor-widget-simple-heading\" data-id=\"5522459e\" data-element_type=\"widget\" data-e-type=\"widget\" data-widget_type=\"simple-heading.default\">\n\t\t\t\t<div class=\"elementor-widget-container\">\n\t\t\t\t\t\t\t\t\t\t<div class=\"heading style1\">\r\n\t\t\t\t<h3 class=\"heading-text\">Descansa a tu manera en medio de un Parque Nacional Natural<\/h3>\r\n\t\t\t<\/div>\r\n\t\t\t\t\t\t\t\t<\/div>\n\t\t\t\t<\/div>\n\t\t\t\t<div class=\"elementor-element elementor-element-6f964f5 elementor-widget elementor-widget-text-editor\" data-id=\"6f964f5\" data-element_type=\"widget\" data-e-type=\"widget\" data-widget_type=\"text-editor.default\">\n\t\t\t\t<div class=\"elementor-widget-container\">\n\t\t\t\t\t\t\t\t\t<p>Mientras duermes nuestra naturaleza te brinda bienestar y se convierte en tu regocijo. En el Castillo Pance encontrar\u00e1s opciones de alojamiento pensadas para cada tipo de viajero:<\/p><ul><li><strong>Villas familiares o de pareja:<\/strong> intimas, c\u00f3modas y rodeadas de naturaleza.<\/li><li><strong>Glamping rom\u00e1ntico:<\/strong> camas c\u00f3modas, iluminaci\u00f3n c\u00e1lida y vistas al bosque.<\/li><li><strong>Camping tradicional:<\/strong> zona para carpas con acceso a zonas comunes, Wi-Fi, cena y desayuno.<\/li><li><strong>Pasad\u00eda:<\/strong> acceso sin hospedaje para disfrutar un d\u00eda entre piscina natural, r\u00edo, hamacas y zonas verdes.<br \/>Incluye: Wi-Fi, desayuno, cena, acceso a todas las zonas comunes y asesor\u00eda para actividades adicionales.<\/li><\/ul>\t\t\t\t\t\t\t\t<\/div>\n\t\t\t\t<\/div>\n\t\t\t\t<div class=\"elementor-element elementor-element-93ff314 elementor-widget elementor-widget-global elementor-global-11205 elementor-widget-dit-button\" data-id=\"93ff314\" data-element_type=\"widget\" data-e-type=\"widget\" data-widget_type=\"dit-button.default\">\n\t\t\t\t<div class=\"elementor-widget-container\">\n\t\t\t\t\t\r\n\t\t\r\n\t\t\t<div class=\"dreamit-button style1\">\r\n\t\t\t\t\t\t\t\t\t<div class=\"animation-bar\"><\/div>\r\n\t\t\t\t\t\t\t\t<a class=\"button\" href=\"http:\/\/wa.me\/573174004190?text=Contact+Center+el+ecohotel+el+castillo\">\r\n\t\t\t\t\tReserve your Plan Here\t\t\t\t\t\t\t\t\t<\/a>\r\n\t\t\t<\/div>\r\n\r\n\t\t\r\n\t\t\t\t\t<\/div>\n\t\t\t\t<\/div>\n\t\t\t\t<\/div>\n\t\t\t\t<\/div>\n\t\t\t\t<\/div>\n\t\t\t\t\t<\/div>\n\t\t\t\t<\/div>\n\t\t<div class=\"elementor-element elementor-element-706e68b e-con-full e-flex e-con e-parent\" data-id=\"706e68b\" data-element_type=\"container\" data-e-type=\"container\">\n\t\t<div class=\"elementor-element elementor-element-a5c205b e-con-full e-flex e-con e-child\" data-id=\"a5c205b\" data-element_type=\"container\" data-e-type=\"container\">\n\t\t\t\t<div class=\"elementor-element elementor-element-8112b8b elementor-widget elementor-widget-image\" data-id=\"8112b8b\" data-element_type=\"widget\" data-e-type=\"widget\" data-widget_type=\"image.default\">\n\t\t\t\t<div class=\"elementor-widget-container\">\n\t\t\t\t\t\t\t\t\t\t\t\t\t\t\t<img decoding=\"async\" src=\"https:\/\/elcastillopance.com\/wp-content\/uploads\/elementor\/thumbs\/VILLA-6-scaled-rghy4totc8et5xuy26xqm6a0ttlywp67vprdvwusnc.jpg\" title=\"VILLA 6\" alt=\"VILLA 6\" loading=\"lazy\" \/>\t\t\t\t\t\t\t\t\t\t\t\t\t\t\t<\/div>\n\t\t\t\t<\/div>\n\t\t\t\t<div class=\"elementor-element elementor-element-d97ecfd elementor-widget elementor-widget-section-title\" data-id=\"d97ecfd\" data-element_type=\"widget\" data-e-type=\"widget\" data-widget_type=\"section-title.default\">\n\t\t\t\t<div class=\"elementor-widget-container\">\n\t\t\t\t\t\r\n\t\t\t\t\t<div class=\"section-title style2\">\r\n\t\t\t\t\t\t\t\t\r\n\t\t\t\t \r\n\t\t\t\t\t<h3 class=\"title\">Hosting<\/h3>\r\n\t\t\t\t\t\t\t\t\r\n\t\t\t\t \r\n\t\t\t\t\t<p class=\"description\">Comfortable rooms integrated into a natural environment.\n<\/p>\r\n\t\t\t\t\t\t\t<\/div>\r\n\r\n\t\t\r\n\t\t\t\t\t\t<\/div>\n\t\t\t\t<\/div>\n\t\t\t\t<div class=\"elementor-element elementor-element-2d30622 elementor-widget elementor-widget-dit-button\" data-id=\"2d30622\" data-element_type=\"widget\" data-e-type=\"widget\" data-widget_type=\"dit-button.default\">\n\t\t\t\t<div class=\"elementor-widget-container\">\n\t\t\t\t\t\r\n\t\t\r\n\t\t\t<div class=\"dreamit-button style1\">\r\n\t\t\t\t\t\t\t\t\t<div class=\"animation-bar\"><\/div>\r\n\t\t\t\t\t\t\t\t<a class=\"button\" href=\"https:\/\/elcastillopance.com\/en\/product-category\/habitaciones\/\">\r\n\t\t\t\t\tbook\t\t\t\t\t\t\t\t\t<\/a>\r\n\t\t\t<\/div>\r\n\r\n\t\t\r\n\t\t\t\t\t<\/div>\n\t\t\t\t<\/div>\n\t\t\t\t<\/div>\n\t\t<div class=\"elementor-element elementor-element-2211dbd e-con-full e-flex e-con e-child\" data-id=\"2211dbd\" data-element_type=\"container\" data-e-type=\"container\">\n\t\t\t\t<div class=\"elementor-element elementor-element-fea30fa elementor-widget elementor-widget-image\" data-id=\"fea30fa\" data-element_type=\"widget\" data-e-type=\"widget\" data-widget_type=\"image.default\">\n\t\t\t\t<div class=\"elementor-widget-container\">\n\t\t\t\t\t\t\t\t\t\t\t\t\t\t\t<img decoding=\"async\" src=\"https:\/\/elcastillopance.com\/wp-content\/uploads\/elementor\/thumbs\/entradaglamping-rghy4totc8et5xuy26xqm6a0ttlywp67vprdvwusnc.jpg\" title=\"entradaglamping\" alt=\"entradaglamping\" loading=\"lazy\" \/>\t\t\t\t\t\t\t\t\t\t\t\t\t\t\t<\/div>\n\t\t\t\t<\/div>\n\t\t\t\t<div class=\"elementor-element elementor-element-27769ff elementor-widget elementor-widget-section-title\" data-id=\"27769ff\" data-element_type=\"widget\" data-e-type=\"widget\" data-widget_type=\"section-title.default\">\n\t\t\t\t<div class=\"elementor-widget-container\">\n\t\t\t\t\t\r\n\t\t\t\t\t<div class=\"section-title style2\">\r\n\t\t\t\t\t\t\t\t\r\n\t\t\t\t \r\n\t\t\t\t\t<h3 class=\"title\">Glampling<\/h3>\r\n\t\t\t\t\t\t\t\t\r\n\t\t\t\t \r\n\t\t\t\t\t<p class=\"description\">The perfect combination of adventure and luxury in the open air.\n\n<\/p>\r\n\t\t\t\t\t\t\t<\/div>\r\n\r\n\t\t\r\n\t\t\t\t\t\t<\/div>\n\t\t\t\t<\/div>\n\t\t\t\t<div class=\"elementor-element elementor-element-1d88b9d elementor-widget elementor-widget-dit-button\" data-id=\"1d88b9d\" data-element_type=\"widget\" data-e-type=\"widget\" data-widget_type=\"dit-button.default\">\n\t\t\t\t<div class=\"elementor-widget-container\">\n\t\t\t\t\t\r\n\t\t\r\n\t\t\t<div class=\"dreamit-button style1\">\r\n\t\t\t\t\t\t\t\t\t<div class=\"animation-bar\"><\/div>\r\n\t\t\t\t\t\t\t\t<a class=\"button\" href=\"https:\/\/elcastillopance.com\/en\/product-category\/glamping\/\">\r\n\t\t\t\t\tbook\t\t\t\t\t\t\t\t\t<\/a>\r\n\t\t\t<\/div>\r\n\r\n\t\t\r\n\t\t\t\t\t<\/div>\n\t\t\t\t<\/div>\n\t\t\t\t<\/div>\n\t\t<div class=\"elementor-element elementor-element-5728187 e-con-full e-flex e-con e-child\" data-id=\"5728187\" data-element_type=\"container\" data-e-type=\"container\">\n\t\t\t\t<div class=\"elementor-element elementor-element-4a083ea elementor-widget elementor-widget-image\" data-id=\"4a083ea\" data-element_type=\"widget\" data-e-type=\"widget\" data-widget_type=\"image.default\">\n\t\t\t\t<div class=\"elementor-widget-container\">\n\t\t\t\t\t\t\t\t\t\t\t\t\t\t\t<img decoding=\"async\" src=\"https:\/\/elcastillopance.com\/wp-content\/uploads\/elementor\/thumbs\/happy-camping-girl-forest-sitting-tent-scaled-rghy4totc8et5xuy26xqm6a0ttlywp67vprdvwusnc.jpg\" title=\"happy-camp-girl-forest-sitting-tent\" alt=\"happy-camping-girl-forest-sitting-tent\" loading=\"lazy\" \/>\t\t\t\t\t\t\t\t\t\t\t\t\t\t\t<\/div>\n\t\t\t\t<\/div>\n\t\t\t\t<div class=\"elementor-element elementor-element-6d37a0e elementor-widget elementor-widget-section-title\" data-id=\"6d37a0e\" data-element_type=\"widget\" data-e-type=\"widget\" data-widget_type=\"section-title.default\">\n\t\t\t\t<div class=\"elementor-widget-container\">\n\t\t\t\t\t\r\n\t\t\t\t\t<div class=\"section-title style2\">\r\n\t\t\t\t\t\t\t\t\r\n\t\t\t\t \r\n\t\t\t\t\t<h3 class=\"title\">Camping<\/h3>\r\n\t\t\t\t\t\t\t\t\r\n\t\t\t\t \r\n\t\t\t\t\t<p class=\"description\">For the lovers of simple and genuine, sleeping under the stars will be unforgettable.\n<\/p>\r\n\t\t\t\t\t\t\t<\/div>\r\n\r\n\t\t\r\n\t\t\t\t\t\t<\/div>\n\t\t\t\t<\/div>\n\t\t\t\t<div class=\"elementor-element elementor-element-92f9431 elementor-widget elementor-widget-dit-button\" data-id=\"92f9431\" data-element_type=\"widget\" data-e-type=\"widget\" data-widget_type=\"dit-button.default\">\n\t\t\t\t<div class=\"elementor-widget-container\">\n\t\t\t\t\t\r\n\t\t\r\n\t\t\t<div class=\"dreamit-button style1\">\r\n\t\t\t\t\t\t\t\t\t<div class=\"animation-bar\"><\/div>\r\n\t\t\t\t\t\t\t\t<a class=\"button\" href=\"https:\/\/elcastillopance.com\/en\/product-category\/camping\/\">\r\n\t\t\t\t\tbook\t\t\t\t\t\t\t\t\t<\/a>\r\n\t\t\t<\/div>\r\n\r\n\t\t\r\n\t\t\t\t\t<\/div>\n\t\t\t\t<\/div>\n\t\t\t\t<\/div>\n\t\t<div class=\"elementor-element elementor-element-e25de88 e-con-full e-flex e-con e-child\" data-id=\"e25de88\" data-element_type=\"container\" data-e-type=\"container\">\n\t\t\t\t<div class=\"elementor-element elementor-element-bafd8d3 elementor-widget elementor-widget-image\" data-id=\"bafd8d3\" data-element_type=\"widget\" data-e-type=\"widget\" data-widget_type=\"image.default\">\n\t\t\t\t<div class=\"elementor-widget-container\">\n\t\t\t\t\t\t\t\t\t\t\t\t\t\t\t<img decoding=\"async\" src=\"https:\/\/elcastillopance.com\/wp-content\/uploads\/elementor\/thumbs\/pexels-gabriel-bastelli-865174-1759823-scaled-rghy4l89mq389g78fla3hqevhcrnzf8mujw0kf7c7c.jpg\" title=\"pexels-gabriel-bastelli-865174-1759823\" alt=\"pexels-gabriel-bastelli-865174-1759823\" loading=\"lazy\" \/>\t\t\t\t\t\t\t\t\t\t\t\t\t\t\t<\/div>\n\t\t\t\t<\/div>\n\t\t\t\t<div class=\"elementor-element elementor-element-9da5463 elementor-widget elementor-widget-section-title\" data-id=\"9da5463\" data-element_type=\"widget\" data-e-type=\"widget\" data-widget_type=\"section-title.default\">\n\t\t\t\t<div class=\"elementor-widget-container\">\n\t\t\t\t\t\r\n\t\t\t\t\t<div class=\"section-title style2\">\r\n\t\t\t\t\t\t\t\t\r\n\t\t\t\t \r\n\t\t\t\t\t<h3 class=\"title\">Planes<\/h3>\r\n\t\t\t\t\t\t\t\t\r\n\t\t\t\t \r\n\t\t\t\t\t<p class=\"description\">El romanticismo se vive rodeado de naturales y amor.\n<\/p>\r\n\t\t\t\t\t\t\t<\/div>\r\n\r\n\t\t\r\n\t\t\t\t\t\t<\/div>\n\t\t\t\t<\/div>\n\t\t\t\t<div class=\"elementor-element elementor-element-b639711 elementor-widget elementor-widget-dit-button\" data-id=\"b639711\" data-element_type=\"widget\" data-e-type=\"widget\" data-widget_type=\"dit-button.default\">\n\t\t\t\t<div class=\"elementor-widget-container\">\n\t\t\t\t\t\r\n\t\t\r\n\t\t\t<div class=\"dreamit-button style1\">\r\n\t\t\t\t\t\t\t\t\t<div class=\"animation-bar\"><\/div>\r\n\t\t\t\t\t\t\t\t<a class=\"button\" href=\"https:\/\/elcastillopance.com\/en\/product-category\/planes\/\">\r\n\t\t\t\t\tbook\t\t\t\t\t\t\t\t\t<\/a>\r\n\t\t\t<\/div>\r\n\r\n\t\t\r\n\t\t\t\t\t<\/div>\n\t\t\t\t<\/div>\n\t\t\t\t<\/div>\n\t\t\t\t<\/div>\n\t\t\t\t<\/div>","protected":false},"excerpt":{"rendered":"<p>Descansa a tu manera en medio de un Parque Nacional Natural Mientras duermes nuestra naturaleza te brinda bienestar y se convierte en tu regocijo. En el Castillo Pance encontrar\u00e1s opciones de alojamiento pensadas para cada tipo de viajero: Villas familiares o de pareja: intimas, c\u00f3modas y rodeadas de naturaleza. Glamping rom\u00e1ntico: camas c\u00f3modas, iluminaci\u00f3n c\u00e1lida [&hellip;]<\/p>","protected":false},"author":1,"featured_media":0,"parent":0,"menu_order":0,"comment_status":"closed","ping_status":"closed","template":"elementor_header_footer","meta":{"footnotes":""},"class_list":["post-2203","page","type-page","status-publish","hentry"],"acf":[],"_hostinger_reach_plugin_has_subscription_block":false,"_hostinger_reach_plugin_is_elementor":false,"_links":{"self":[{"href":"https:\/\/elcastillopance.com\/en\/wp-json\/wp\/v2\/pages\/2203","targetHints":{"allow":["GET"]}}],"collection":[{"href":"https:\/\/elcastillopance.com\/en\/wp-json\/wp\/v2\/pages"}],"about":[{"href":"https:\/\/elcastillopance.com\/en\/wp-json\/wp\/v2\/types\/page"}],"author":[{"embeddable":true,"href":"https:\/\/elcastillopance.com\/en\/wp-json\/wp\/v2\/users\/1"}],"replies":[{"embeddable":true,"href":"https:\/\/elcastillopance.com\/en\/wp-json\/wp\/v2\/comments?post=2203"}],"version-history":[{"count":62,"href":"https:\/\/elcastillopance.com\/en\/wp-json\/wp\/v2\/pages\/2203\/revisions"}],"predecessor-version":[{"id":11430,"href":"https:\/\/elcastillopance.com\/en\/wp-json\/wp\/v2\/pages\/2203\/revisions\/11430"}],"wp:attachment":[{"href":"https:\/\/elcastillopance.com\/en\/wp-json\/wp\/v2\/media?parent=2203"}],"curies":[{"name":"wp","href":"https:\/\/api.w.org\/{rel}","templated":true}]}}