{"id":10761,"date":"2025-02-23T00:56:34","date_gmt":"2025-02-23T00:56:34","guid":{"rendered":"https:\/\/elcastillopance.com\/?post_type=product&#038;p=10761"},"modified":"2025-02-23T01:02:08","modified_gmt":"2025-02-23T01:02:08","slug":"plan-romantico","status":"publish","type":"product","link":"https:\/\/elcastillopance.com\/en\/product\/plan-romantico\/","title":{"rendered":"Plan Rom\u00e1ntico"},"content":{"rendered":"","protected":false},"excerpt":{"rendered":"<ul>\n<li><strong>Description<\/strong>: Habitaci\u00f3n tipo caba\u00f1a con decoraci\u00f3n especial para la ocasi\u00f3n a celebrar, cama doble, TV, ba\u00f1o privado, ventilador.<\/li>\n<li><strong>Capacity<\/strong>: La de su preferencia<\/li>\n<li><strong>This plan provides: <\/strong>Cena especial con villa exclusiva y decorada, botella de vino, desayuno, wifi, uso de zonas comunes (piscina, zona de hamacas, zonas verdes, senderos, r\u00edo). <br \/><strong>If it is weekend, you can enjoy:<\/strong> Campfire, Recreacionista or movie, and bird Watching later for breakfast.<\/li>\n<li><strong>Opening hours:<\/strong> Check in 4:00 p. m. \u2013 Check Out 1 p. m.<\/li>\n<\/ul>","protected":false},"featured_media":10763,"template":"","meta":[],"product_brand":[],"product_cat":[50],"product_tag":[],"class_list":{"0":"post-10761","1":"product","2":"type-product","3":"status-publish","4":"has-post-thumbnail","6":"product_cat-planes","8":"first","9":"instock","10":"sold-individually","11":"shipping-taxable","12":"purchasable","13":"product-type-jet_booking"},"acf":[],"_links":{"self":[{"href":"https:\/\/elcastillopance.com\/en\/wp-json\/wp\/v2\/product\/10761","targetHints":{"allow":["GET"]}}],"collection":[{"href":"https:\/\/elcastillopance.com\/en\/wp-json\/wp\/v2\/product"}],"about":[{"href":"https:\/\/elcastillopance.com\/en\/wp-json\/wp\/v2\/types\/product"}],"wp:featuredmedia":[{"embeddable":true,"href":"https:\/\/elcastillopance.com\/en\/wp-json\/wp\/v2\/media\/10763"}],"wp:attachment":[{"href":"https:\/\/elcastillopance.com\/en\/wp-json\/wp\/v2\/media?parent=10761"}],"wp:term":[{"taxonomy":"product_brand","embeddable":true,"href":"https:\/\/elcastillopance.com\/en\/wp-json\/wp\/v2\/product_brand?post=10761"},{"taxonomy":"product_cat","embeddable":true,"href":"https:\/\/elcastillopance.com\/en\/wp-json\/wp\/v2\/product_cat?post=10761"},{"taxonomy":"product_tag","embeddable":true,"href":"https:\/\/elcastillopance.com\/en\/wp-json\/wp\/v2\/product_tag?post=10761"}],"curies":[{"name":"wp","href":"https:\/\/api.w.org\/{rel}","templated":true}]}}