{"id":10764,"date":"2025-02-23T00:58:03","date_gmt":"2025-02-23T00:58:03","guid":{"rendered":"https:\/\/elcastillopance.com\/?post_type=product&#038;p=10764"},"modified":"2025-02-24T03:12:54","modified_gmt":"2025-02-24T03:12:54","slug":"plan-cumpleanos","status":"publish","type":"product","link":"https:\/\/elcastillopance.com\/en\/product\/plan-cumpleanos\/","title":{"rendered":"Plan Cumplea\u00f1os"},"content":{"rendered":"","protected":false},"excerpt":{"rendered":"<ul>\n<li><strong>Description<\/strong>: Habitaci\u00f3n tipo caba\u00f1a con cama doble, TV, ba\u00f1o privado, y ventilador.<\/li>\n<li><strong>Capacity<\/strong>: La de su preferencia<\/li>\n<li><strong>This plan provides: <\/strong>Cena especial con villa exclusiva y decorada, botella de vino, soda, torta (2personas), desayuno, wifi, uso de zonas comunes (piscina, zona de hamacas, zonas verdes, senderos, r\u00edo).<br \/>\n<strong>If it is weekend, you can enjoy:<\/strong> Campfire, Recreacionista or movie, and bird Watching later for breakfast.<\/li>\n<li><strong>Opening hours:<\/strong> Check in 4:00 p. m. \u2013 Check Out 1 p. m.<\/li>\n<\/ul>","protected":false},"featured_media":10763,"template":"","meta":[],"product_brand":[],"product_cat":[50],"product_tag":[],"class_list":{"0":"post-10764","1":"product","2":"type-product","3":"status-publish","4":"has-post-thumbnail","6":"product_cat-planes","8":"first","9":"instock","10":"sold-individually","11":"shipping-taxable","12":"purchasable","13":"product-type-jet_booking"},"acf":[],"_links":{"self":[{"href":"https:\/\/elcastillopance.com\/en\/wp-json\/wp\/v2\/product\/10764","targetHints":{"allow":["GET"]}}],"collection":[{"href":"https:\/\/elcastillopance.com\/en\/wp-json\/wp\/v2\/product"}],"about":[{"href":"https:\/\/elcastillopance.com\/en\/wp-json\/wp\/v2\/types\/product"}],"wp:featuredmedia":[{"embeddable":true,"href":"https:\/\/elcastillopance.com\/en\/wp-json\/wp\/v2\/media\/10763"}],"wp:attachment":[{"href":"https:\/\/elcastillopance.com\/en\/wp-json\/wp\/v2\/media?parent=10764"}],"wp:term":[{"taxonomy":"product_brand","embeddable":true,"href":"https:\/\/elcastillopance.com\/en\/wp-json\/wp\/v2\/product_brand?post=10764"},{"taxonomy":"product_cat","embeddable":true,"href":"https:\/\/elcastillopance.com\/en\/wp-json\/wp\/v2\/product_cat?post=10764"},{"taxonomy":"product_tag","embeddable":true,"href":"https:\/\/elcastillopance.com\/en\/wp-json\/wp\/v2\/product_tag?post=10764"}],"curies":[{"name":"wp","href":"https:\/\/api.w.org\/{rel}","templated":true}]}}